{"id":51,"date":"2012-02-19T02:28:12","date_gmt":"2012-02-19T01:28:12","guid":{"rendered":"http:\/\/www.kommunikationskodex.de\/?page_id=51"},"modified":"2012-02-20T09:51:14","modified_gmt":"2012-02-20T08:51:14","slug":"uber","status":"publish","type":"page","link":"http:\/\/www.kommunikationskodex.de\/?page_id=51","title":{"rendered":"\u00dcber den DRPR"},"content":{"rendered":"<p>&nbsp;<\/p>\n<p>Der Deutsche PR-Rat wurde 1987 als Organ der freiwilligen Selbstkontrolle der in Deutschland t\u00e4tigen PR-Fachleute gegr\u00fcndet. Seine Tr\u00e4ger sind die Deutsche Public Relations Gesellschaft e.V. (DPRG), die Gesellschaft Public Relations Agenturen e.V. (GPRA), der Bundesverband deutscher Presse-sprecher (BdP) und die Deutsche Gesellschaft f\u00fcr Politikberatung e.V. (de&#8217;ge&#8217;pol).<\/p>\n<p>Der DRPR hat kommunikatives Fehlverhalten gegen\u00fcber der \u00d6ffentlichkeit zu ahnden und ist darin eine dem Deutschen Presserat und dem Deutschen Werberat vergleichbare Institution. Wie die anderen R\u00e4te spricht er \u00f6ffentliche R\u00fcgen und Mahnungen aus, erl\u00e4sst Verhaltensrichtlinien und nimmt zu kommunikativen Fehlentwicklungen in der \u00d6ffentlichkeit Stellung.<\/p>\n<p>Der Deutsche Kommunikationskodex soll bindend f\u00fcr die Spruchpraxis des DRPR werden und als modernes Regelwerk einen verbindlichen Verhaltensrahmen f\u00fcr die t\u00e4gliche Arbeit von PR- und Kommunikationsfachleuten schaffen.<\/p>\n<p>\u00dcber den Zeitraum von zwei Monaten kann die vom DRPR verabschiedete Entwurfsfassung des Kodex <a title=\"Kommunikationskodex\" href=\"http:\/\/www.kommunikationskodex.de\/?page_id=65\">hier<\/a> kommentiert und direkt mit Ratsmitgliedern besprochen werden. Der Rat m\u00f6chte dadurch Anregungen erhalten und die Diskussion suchen, um zu einem gemeinsamen Verst\u00e4ndnis \u00fcber ethische Normen f\u00fcr die PR- und Kommunikationsbranche beizutragen.<\/p>\n<p>Nach Ablauf der zwei Monate werden die\u00a0 Diskussionsbeitr\u00e4ge ins Redaktionsteam weitergegeben, eine Endfassung erstellt, im Rat und auch mit Experten abgestimmt und ver\u00f6ffentlicht.<\/p>\n<p>Mehr \u00fcber den DRPR erfahren Sie <a href=\"http:\/\/www.drpr-online.de\">hier<\/a>.<\/p>\n<p><span class='st_facebook' st_title='\u00dcber den DRPR' st_url='http:\/\/www.kommunikationskodex.de\/?page_id=51' ><\/span><span class='st_twitter' st_title='\u00dcber den DRPR' st_url='http:\/\/www.kommunikationskodex.de\/?page_id=51' ><\/span><span class='st_linkedin' st_title='\u00dcber den DRPR' st_url='http:\/\/www.kommunikationskodex.de\/?page_id=51' ><\/span><span class='st_delicious' st_title='\u00dcber den DRPR' st_url='http:\/\/www.kommunikationskodex.de\/?page_id=51' ><\/span><span class='st_email' st_title='\u00dcber den DRPR' st_url='http:\/\/www.kommunikationskodex.de\/?page_id=51' ><\/span><span class='st_sharethis' st_title='\u00dcber den DRPR' st_url='http:\/\/www.kommunikationskodex.de\/?page_id=51' ><\/span><span class='st_plusone' st_title='\u00dcber den DRPR' st_url='http:\/\/www.kommunikationskodex.de\/?page_id=51' ><\/span><span class='st_fblike' st_title='\u00dcber den DRPR' st_url='http:\/\/www.kommunikationskodex.de\/?page_id=51' ><\/span><\/p>","protected":false},"excerpt":{"rendered":"<p>&nbsp; Der Deutsche PR-Rat wurde 1987 als Organ der freiwilligen Selbstkontrolle der in Deutschland t\u00e4tigen PR-Fachleute gegr\u00fcndet. Seine Tr\u00e4ger sind die Deutsche Public Relations Gesellschaft e.V. (DPRG), die Gesellschaft Public Relations Agenturen e.V. (GPRA), der Bundesverband deutscher Presse-sprecher (BdP) und &hellip; <a href=\"http:\/\/www.kommunikationskodex.de\/?page_id=51\">Weiterlesen <span class=\"meta-nav\">&rarr;<\/span><\/a><\/p>\n<p><span class='st_facebook' st_title='\u00dcber den DRPR' st_url='http:\/\/www.kommunikationskodex.de\/?page_id=51' ><\/span><span class='st_twitter' st_title='\u00dcber den DRPR' st_url='http:\/\/www.kommunikationskodex.de\/?page_id=51' ><\/span><span class='st_linkedin' st_title='\u00dcber den DRPR' st_url='http:\/\/www.kommunikationskodex.de\/?page_id=51' ><\/span><span class='st_delicious' st_title='\u00dcber den DRPR' st_url='http:\/\/www.kommunikationskodex.de\/?page_id=51' ><\/span><span class='st_email' st_title='\u00dcber den DRPR' st_url='http:\/\/www.kommunikationskodex.de\/?page_id=51' ><\/span><span class='st_sharethis' st_title='\u00dcber den DRPR' st_url='http:\/\/www.kommunikationskodex.de\/?page_id=51' ><\/span><span class='st_plusone' st_title='\u00dcber den DRPR' st_url='http:\/\/www.kommunikationskodex.de\/?page_id=51' ><\/span><span class='st_fblike' st_title='\u00dcber den DRPR' st_url='http:\/\/www.kommunikationskodex.de\/?page_id=51' ><\/span><\/p>","protected":false},"author":1,"featured_media":0,"parent":0,"menu_order":2,"comment_status":"closed","ping_status":"closed","template":"","meta":[],"_links":{"self":[{"href":"http:\/\/www.kommunikationskodex.de\/index.php?rest_route=\/wp\/v2\/pages\/51"}],"collection":[{"href":"http:\/\/www.kommunikationskodex.de\/index.php?rest_route=\/wp\/v2\/pages"}],"about":[{"href":"http:\/\/www.kommunikationskodex.de\/index.php?rest_route=\/wp\/v2\/types\/page"}],"author":[{"embeddable":true,"href":"http:\/\/www.kommunikationskodex.de\/index.php?rest_route=\/wp\/v2\/users\/1"}],"replies":[{"embeddable":true,"href":"http:\/\/www.kommunikationskodex.de\/index.php?rest_route=%2Fwp%2Fv2%2Fcomments&post=51"}],"version-history":[{"count":30,"href":"http:\/\/www.kommunikationskodex.de\/index.php?rest_route=\/wp\/v2\/pages\/51\/revisions"}],"predecessor-version":[{"id":53,"href":"http:\/\/www.kommunikationskodex.de\/index.php?rest_route=\/wp\/v2\/pages\/51\/revisions\/53"}],"wp:attachment":[{"href":"http:\/\/www.kommunikationskodex.de\/index.php?rest_route=%2Fwp%2Fv2%2Fmedia&parent=51"}],"curies":[{"name":"wp","href":"https:\/\/api.w.org\/{rel}","templated":true}]}}