{"id":2,"date":"2012-02-19T02:28:45","date_gmt":"2012-02-19T01:28:45","guid":{"rendered":"http:\/\/localhost\/kommunikationskodex\/?page_id=2"},"modified":"2012-02-19T08:53:48","modified_gmt":"2012-02-19T07:53:48","slug":"impressum","status":"publish","type":"page","link":"http:\/\/www.kommunikationskodex.de\/?page_id=2","title":{"rendered":"Impressum"},"content":{"rendered":"<p><span style=\"font-size: small;\">Deutscher Rat f\u00fcr Public Relations<\/span><\/p>\n<p><span style=\"font-size: small;\">Deutsche Public Relations Gesellschaft e.V. (DPRG)<\/span><br \/>\n<span style=\"font-size: small;\"> Reinhardtstra\u00dfe 19<\/span><br \/>\n<span style=\"font-size: small;\"> 10117 Berlin<\/span><\/p>\n<p><span style=\"font-size: small;\">Tel.: +49 (0)30 804 097 33<\/span><br \/>\n<span style=\"font-size: small;\"> Fax: +49 (0)30 804 097 34<\/span><\/p>\n<p><span style=\"font-size: small;\">E-Mail: drpr@dprg.de<\/span><br \/>\n<span style=\"font-size: small;\"> Internet: <a href=\"http:\/\/www.drpr-online.de\">www.drpr-online.de<\/a><\/span><\/p>\n<p>Registriert beim Amtsgericht Bonn unter 20 VR 4737<br \/>\nUmsatzsteuer-Identifikations-Nr. DE 812425987<\/p>\n<p>Inhaltliche Verantwortung nach \u00a7 6 MDStV<br \/>\nBGB-Vorstand der DPRG, info@dprg.de<\/p>\n<p><span style=\"font-size: small;\"><strong>Haftungshinweis:<\/strong><\/span><br \/>\n<span style=\"font-size: small;\"> Trotz <\/span><span style=\"font-size: small;\">sorgf\u00e4ltiger inhaltlicher Kontrolle \u00fcbernehmen wir keine Haftung f\u00fcr die Inhalte externer Links.<\/span><br \/>\n<span style=\"font-size: small;\"> F\u00fcr den Inhalt der verlinkten Seiten sind ausschlie\u00dflich deren Betreiber verantwortlich.<\/span><\/p>\n<p><span class='st_facebook' st_title='Impressum' st_url='http:\/\/www.kommunikationskodex.de\/?page_id=2' ><\/span><span class='st_twitter' st_title='Impressum' st_url='http:\/\/www.kommunikationskodex.de\/?page_id=2' ><\/span><span class='st_linkedin' st_title='Impressum' st_url='http:\/\/www.kommunikationskodex.de\/?page_id=2' ><\/span><span class='st_delicious' st_title='Impressum' st_url='http:\/\/www.kommunikationskodex.de\/?page_id=2' ><\/span><span class='st_email' st_title='Impressum' st_url='http:\/\/www.kommunikationskodex.de\/?page_id=2' ><\/span><span class='st_sharethis' st_title='Impressum' st_url='http:\/\/www.kommunikationskodex.de\/?page_id=2' ><\/span><span class='st_plusone' st_title='Impressum' st_url='http:\/\/www.kommunikationskodex.de\/?page_id=2' ><\/span><span class='st_fblike' st_title='Impressum' st_url='http:\/\/www.kommunikationskodex.de\/?page_id=2' ><\/span><\/p>","protected":false},"excerpt":{"rendered":"<p>Deutscher Rat f\u00fcr Public Relations Deutsche Public Relations Gesellschaft e.V. (DPRG) Reinhardtstra\u00dfe 19 10117 Berlin Tel.: +49 (0)30 804 097 33 Fax: +49 (0)30 804 097 34 E-Mail: drpr@dprg.de Internet: www.drpr-online.de Registriert beim Amtsgericht Bonn unter 20 VR 4737 Umsatzsteuer-Identifikations-Nr. &hellip; <a href=\"http:\/\/www.kommunikationskodex.de\/?page_id=2\">Weiterlesen <span class=\"meta-nav\">&rarr;<\/span><\/a><\/p>\n<p><span class='st_facebook' st_title='Impressum' st_url='http:\/\/www.kommunikationskodex.de\/?page_id=2' ><\/span><span class='st_twitter' st_title='Impressum' st_url='http:\/\/www.kommunikationskodex.de\/?page_id=2' ><\/span><span class='st_linkedin' st_title='Impressum' st_url='http:\/\/www.kommunikationskodex.de\/?page_id=2' ><\/span><span class='st_delicious' st_title='Impressum' st_url='http:\/\/www.kommunikationskodex.de\/?page_id=2' ><\/span><span class='st_email' st_title='Impressum' st_url='http:\/\/www.kommunikationskodex.de\/?page_id=2' ><\/span><span class='st_sharethis' st_title='Impressum' st_url='http:\/\/www.kommunikationskodex.de\/?page_id=2' ><\/span><span class='st_plusone' st_title='Impressum' st_url='http:\/\/www.kommunikationskodex.de\/?page_id=2' ><\/span><span class='st_fblike' st_title='Impressum' st_url='http:\/\/www.kommunikationskodex.de\/?page_id=2' ><\/span><\/p>","protected":false},"author":1,"featured_media":0,"parent":0,"menu_order":4,"comment_status":"closed","ping_status":"closed","template":"","meta":[],"_links":{"self":[{"href":"http:\/\/www.kommunikationskodex.de\/index.php?rest_route=\/wp\/v2\/pages\/2"}],"collection":[{"href":"http:\/\/www.kommunikationskodex.de\/index.php?rest_route=\/wp\/v2\/pages"}],"about":[{"href":"http:\/\/www.kommunikationskodex.de\/index.php?rest_route=\/wp\/v2\/types\/page"}],"author":[{"embeddable":true,"href":"http:\/\/www.kommunikationskodex.de\/index.php?rest_route=\/wp\/v2\/users\/1"}],"replies":[{"embeddable":true,"href":"http:\/\/www.kommunikationskodex.de\/index.php?rest_route=%2Fwp%2Fv2%2Fcomments&post=2"}],"version-history":[{"count":21,"href":"http:\/\/www.kommunikationskodex.de\/index.php?rest_route=\/wp\/v2\/pages\/2\/revisions"}],"predecessor-version":[{"id":240,"href":"http:\/\/www.kommunikationskodex.de\/index.php?rest_route=\/wp\/v2\/pages\/2\/revisions\/240"}],"wp:attachment":[{"href":"http:\/\/www.kommunikationskodex.de\/index.php?rest_route=%2Fwp%2Fv2%2Fmedia&parent=2"}],"curies":[{"name":"wp","href":"https:\/\/api.w.org\/{rel}","templated":true}]}}